{"id":9365,"date":"2020-02-29T16:54:37","date_gmt":"2020-02-29T15:54:37","guid":{"rendered":"https:\/\/artiktoys.fr\/?page_id=9365"},"modified":"2020-02-29T21:31:24","modified_gmt":"2020-02-29T20:31:24","slug":"legal","status":"publish","type":"page","link":"https:\/\/artiktoys.fr\/index.php\/legal\/","title":{"rendered":"Legal"},"content":{"rendered":"<h1>Mentions l\u00e9gales<\/h1>\n<p>Merci de lire avec attention les diff\u00e9rentes modalit\u00e9s d\u2019utilisation du pr\u00e9sent site avant d\u2019y parcourir ses pages. En vous connectant sur ce site, vous acceptez sans r\u00e9serves les pr\u00e9sentes modalit\u00e9s. Aussi, conform\u00e9ment \u00e0 l\u2019article n\u00b06 de la Loi n\u00b02004-575 du 21 Juin 2004 pour la confiance dans l\u2019\u00e9conomie num\u00e9rique, les responsables du pr\u00e9sent site internet <a href=\"http:\/\/www.artiktoys.fr\">www.artiktoys.fr<\/a> sont :<\/p>\n<p style=\"color: #b51a00;\"><span style=\"color: #000000;\"><b>Editeur du Site : <\/b><\/span><\/p>\n<ul>\n<li>Artik Toys<\/li>\n<li>Num\u00e9ro de SIRET : 53178499900017<\/li>\n<li>Responsable editorial : Patrick MASSON<\/li>\n<li>58 impasse Forelle &#8211; 88220 Urim\u00e9nil &#8211; France<\/li>\n<li>T\u00e9l\u00e9phone : +33329395242<\/li>\n<li>Email : contact@artiktoys.fr<\/li>\n<li>Site Web : <a href=\"http:\/\/www.artiktoys.fr\">www.artiktoys.fr<\/a><\/li>\n<\/ul>\n<p style=\"color: #b51a00;\"><b><span style=\"color: #000000;\">H\u00e9bergement :<\/span> <\/b><\/p>\n<ul>\n<li>H\u00e9bergeur : OVH 2 rue Kellermann &#8211; 59100 Roubaix &#8211; France<\/li>\n<li>Site Web : <a href=\"http:\/\/www.ovh.com\">www.ovh.com<\/a><\/li>\n<\/ul>\n<p style=\"color: #b51a00;\"><span style=\"color: #000000;\"><b>Conditions d\u2019utilisation : <\/b><\/span><\/p>\n<p>Ce site (<a href=\"http:\/\/www.artiktoys.fr\">www.artiktoys.fr<\/a>) est propos\u00e9 en diff\u00e9rents langages web (HTML, HTML5, Javascript, CSS, etc\u2026) pour un meilleur confort d&#8217;utilisation et un graphisme plus agr\u00e9able, nous vous recommandons de recourir \u00e0 des navigateurs modernes comme Internet explorer, Safari, Firefox, Google Chrome, etc\u2026 Les mentions l\u00e9gales ont \u00e9t\u00e9 g\u00e9n\u00e9r\u00e9es sur le site <a title=\"g\u00e9n\u00e9rateur de mentions l\u00e9gales pour site internet gratuit\" href=\"http:\/\/www.generateur-de-mentions-legales.com\">G\u00e9n\u00e9rateur de mentions l\u00e9gales<\/a>, offert par <a title=\"imprimerie paris, imprimeur paris\" href=\"http:\/\/welye.com\">Welye<\/a>. <span style=\"color: #323333;\">Artik Toys<b> <\/b><\/span>met en \u0153uvre tous les moyens dont elle dispose, pour assurer une information fiable et une mise \u00e0 jour fiable de ses sites internet. Toutefois, des erreurs ou omissions peuvent survenir. L&#8217;internaute devra donc s&#8217;assurer de l&#8217;exactitude des informations aupr\u00e8s de , et signaler toutes modifications du site qu&#8217;il jugerait utile. n&#8217;est en aucun cas responsable de l&#8217;utilisation faite de ces informations, et de tout pr\u00e9judice direct ou indirect pouvant en d\u00e9couler.<\/p>\n<p><b>Cookies<\/b> : Le site <a href=\"http:\/\/www.artiktoys.fr\">www.artiktoys.fr<\/a> peut-\u00eatre amen\u00e9 \u00e0 vous demander l\u2019acceptation des cookies pour des besoins de statistiques et d&#8217;affichage. Un cookies est une information d\u00e9pos\u00e9e sur votre disque dur par le serveur du site que vous visitez. Il contient plusieurs donn\u00e9es qui sont stock\u00e9es sur votre ordinateur dans un simple fichier texte auquel un serveur acc\u00e8de pour lire et enregistrer des informations . Certaines parties de ce site ne peuvent \u00eatre fonctionnelles sans l\u2019acceptation de cookies. Pour en savoir plus et modifier vos consentements en mati\u00e8res de cookies veuillez consulter la page\u00a0<a href=\"https:\/\/artiktoys.fr\/index.php\/cookie-policy\/\">Cookie Declaration<\/a><\/p>\n<p><b>Liens hypertextes :<\/b> Les sites internet de Artik Toys offrir des liens vers d\u2019autres sites internet ou d\u2019autres ressources disponibles sur Internet. Artik Toys ne dispose d&#8217;aucun moyen pour contr\u00f4ler les sites en connexion avec ses sites internet, ne r\u00e9pond pas de la disponibilit\u00e9 de tels sites et sources externes, ni ne la garantit. Elle ne peut \u00eatre tenue pour responsable de tout dommage, de quelque nature que ce soit, r\u00e9sultant du contenu de ces sites ou sources externes, et notamment des informations, produits ou services qu\u2019ils proposent, ou de tout usage qui peut \u00eatre fait de ces \u00e9l\u00e9ments. Les risques li\u00e9s \u00e0 cette utilisation incombent pleinement \u00e0 l&#8217;internaute, qui doit se conformer \u00e0 leurs conditions d&#8217;utilisation. Les utilisateurs, les abonn\u00e9s et les visiteurs des sites internet de Artik Toys ne\u00a0peuvent mettre en place un hyperlien en direction de ce site sans l&#8217;autorisation expresse et pr\u00e9alable de Artik Toys. Dans l&#8217;hypoth\u00e8se o\u00f9 un utilisateur ou visiteur souhaiterait mettre en place un hyperlien en direction d\u2019un des sites internet de Artik Toys, il lui appartiendra d&#8217;adresser un email accessible sur le site afin de formuler sa demande de mise en place d&#8217;un hyperlien. Artik Toys se r\u00e9serve le droit d\u2019accepter ou de refuser un hyperlien sans avoir \u00e0 en justifier sa d\u00e9cision.<\/p>\n<p style=\"color: #b51a00;\"><span style=\"color: #000000;\"><b>Services fournis : <\/b><\/span><\/p>\n<p style=\"color: #323333;\">L&#8217;ensemble des activit\u00e9s de la soci\u00e9t\u00e9 ainsi que ses informations sont pr\u00e9sent\u00e9s sur notre site <a href=\"http:\/\/www.artiktoys.fr\">www.artiktoys.fr<\/a>.<\/p>\n<p style=\"color: #323333;\">Artik Toys s\u2019efforce de fournir sur le site www.artiktoys.fr des informations aussi pr\u00e9cises que possible. les renseignements figurant sur le site <a href=\"http:\/\/www.artiktoys.fr\">www.artiktoys.fr<\/a> ne sont pas exhaustifs et les photos non contractuelles. Ils sont donn\u00e9s sous r\u00e9serve de modifications ayant \u00e9t\u00e9 apport\u00e9es depuis leur mise en ligne. Par ailleurs, tous les informations indiqu\u00e9es sur le site www.artiktoys.fr<b> <\/b>sont donn\u00e9es \u00e0 titre indicatif, et sont susceptibles de changer ou d\u2019\u00e9voluer sans pr\u00e9avis.<\/p>\n<p style=\"color: #b51a00;\"><span style=\"color: #000000;\"><b>Limitation contractuelles sur les donn\u00e9es : <\/b><\/span><\/p>\n<p>Les informations contenues sur ce site sont aussi pr\u00e9cises que possible et le site remis \u00e0 jour \u00e0 diff\u00e9rentes p\u00e9riodes de l\u2019ann\u00e9e, mais peut toutefois contenir des inexactitudes ou des omissions. Si vous constatez une lacune, erreur ou ce qui parait \u00eatre un dysfonctionnement, merci de bien vouloir le signaler par email, \u00e0 l\u2019adresse contact@artiktoys.fr, en d\u00e9crivant le probl\u00e8me de la mani\u00e8re la plus pr\u00e9cise possible (page posant probl\u00e8me, type d\u2019ordinateur et de navigateur utilis\u00e9, \u2026). Tout contenu t\u00e9l\u00e9charg\u00e9 se fait aux risques et p\u00e9rils de l&#8217;utilisateur et sous sa seule responsabilit\u00e9. En cons\u00e9quence, ne saurait \u00eatre tenu responsable d&#8217;un quelconque dommage subi par l&#8217;ordinateur de l&#8217;utilisateur ou d&#8217;une quelconque perte de donn\u00e9es cons\u00e9cutives au t\u00e9l\u00e9chargement. <span style=\"color: #323333;\">De plus, l\u2019utilisateur du site s\u2019engage \u00e0 acc\u00e9der au site en utilisant un mat\u00e9riel r\u00e9cent, ne contenant pas de virus et avec un navigateur de derni\u00e8re g\u00e9n\u00e9ration mis-\u00e0-jour<\/span> Les liens hypertextes mis en place dans le cadre du pr\u00e9sent site internet en direction d&#8217;autres ressources pr\u00e9sentes sur le r\u00e9seau Internet ne sauraient engager la responsabilit\u00e9 de Artik Toys.<\/p>\n<p style=\"color: #b51a00;\"><span style=\"color: #000000;\"><b>Propri\u00e9t\u00e9 intellectuelle :<\/b><\/span><\/p>\n<p>Tout le contenu du pr\u00e9sent sur le site <a href=\"http:\/\/www.artiktoys.fr\">www.artiktoys.fr<\/a>, incluant, de fa\u00e7on non limitative, les graphismes, images, textes, vid\u00e9os, animations, sons, logos, gifs et ic\u00f4nes ainsi que leur mise en forme sont la propri\u00e9t\u00e9 exclusive de la soci\u00e9t\u00e9 \u00e0 l&#8217;exception des marques, logos ou contenus appartenant \u00e0 d&#8217;autres soci\u00e9t\u00e9s partenaires ou auteurs. Toute reproduction, distribution, modification, adaptation, retransmission ou publication, m\u00eame partielle, de ces diff\u00e9rents \u00e9l\u00e9ments est strictement interdite sans l&#8217;accord expr\u00e8s par \u00e9crit de Artik Toys. Cette repr\u00e9sentation ou reproduction, par quelque proc\u00e9d\u00e9 que ce soit, constitue une contrefa\u00e7on sanctionn\u00e9e par les articles L.335-2 et suivants du Code de la propri\u00e9t\u00e9 intellectuelle. Le non-respect de cette interdiction constitue une contrefa\u00e7on pouvant engager la responsabilit\u00e9 civile et p\u00e9nale du contrefacteur. En outre, les propri\u00e9taires des Contenus copi\u00e9s pourraient intenter une action en justice \u00e0 votre encontre.<\/p>\n<p style=\"color: #b51a00;\"><span style=\"color: #000000;\"><b>Litiges : <\/b><\/span><\/p>\n<p>Les pr\u00e9sentes conditions du site <a href=\"http:\/\/www.artiktoys.fr\">www.artiktoys.fr<\/a> sont r\u00e9gies par les lois fran\u00e7aises et toute contestation ou litiges qui pourraient na\u00eetre de l&#8217;interpr\u00e9tation ou de l&#8217;ex\u00e9cution de celles-ci seront de la comp\u00e9tence exclusive des tribunaux dont d\u00e9pend le si\u00e8ge social de la soci\u00e9t\u00e9. La langue de r\u00e9f\u00e9rence, pour le r\u00e8glement de contentieux \u00e9ventuels, est le fran\u00e7ais.<\/p>\n<p style=\"color: #b51a00;\"><span style=\"color: #000000;\"><b>Donn\u00e9es personnelles :<\/b><\/span><\/p>\n<p>De mani\u00e8re g\u00e9n\u00e9rale, vous n\u2019\u00eates pas tenu de nous communiquer vos donn\u00e9es personnelles lorsque vous visitez notre site Internet <a href=\"http:\/\/www.artiktoys.fr\">www.artiktoys.fr<\/a>. Cependant, ce principe comporte certaines exceptions. En effet, pour certains services propos\u00e9s par notre site, vous pouvez \u00eatre amen\u00e9s \u00e0 nous communiquer certaines donn\u00e9es telles que : votre nom, votre fonction, le nom de votre soci\u00e9t\u00e9, votre adresse \u00e9lectronique, et votre num\u00e9ro de t\u00e9l\u00e9phone. Tel est le cas lorsque vous remplissez le formulaire qui vous est propos\u00e9 en ligne, dans la rubrique \u00ab contact \u00bb. Dans tous les cas, vous pouvez refuser de fournir vos donn\u00e9es personnelles. Dans ce cas, vous ne pourrez pas utiliser les services du site, notamment celui de solliciter des renseignements sur notre soci\u00e9t\u00e9, ou de recevoir les lettres d\u2019information. Enfin, nous pouvons collecter de mani\u00e8re automatique certaines informations vous concernant lors d\u2019une simple navigation sur notre site Internet, notamment : des informations concernant l\u2019utilisation de notre site, comme les zones que vous visitez et les services auxquels vous acc\u00e9dez, votre adresse IP, le type de votre navigateur, vos temps d&#8217;acc\u00e8s. De telles informations sont utilis\u00e9es exclusivement \u00e0 des fins de statistiques internes, de mani\u00e8re \u00e0 am\u00e9liorer la qualit\u00e9 des services qui vous sont propos\u00e9s. Les bases de donn\u00e9es sont prot\u00e9g\u00e9es par les dispositions de la loi du 1er juillet 1998 transposant la directive 96\/9 du 11 mars 1996 relative \u00e0 la protection juridique des bases de donn\u00e9es.<\/p>\n<p>Informations compl\u00e9mentaires concernant les donn\u00e9es personnelles selon l&#8217;ARTICLE 12 : DONNEES PERSONNELLES de nos <a href=\"https:\/\/artiktoys.fr\/index.php\/conditions-generales-de-ventes\/\">Conditions G\u00e9n\u00e9rales de ventes <\/a>ci dessous pr\u00e9sent\u00e9 :<\/p>\n<p>Les informations collect\u00e9es par Artik Toys lors d\u2019une commande du client sont n\u00e9cessaires \u00e0 la gestion de la transaction et \u00e0 cet effet pourront \u00eatre communiqu\u00e9es en tout ou partie aux prestataires de Artik Toys intervenant dans le cadre de l\u2019ex\u00e9cution de la commande. Le client est inform\u00e9 que ces m\u00eames donn\u00e9es \u00e0 caract\u00e8re personnel pourront \u00e9galement \u00eatre collect\u00e9es par un organisme en charge de l\u2019analyse des commandes et de la lutte contre la fraude \u00e0 la carte bancaire. Conform\u00e9ment \u00e0 la loi Informatique et Libert\u00e9s n\u00b078-17 du 6 janvier 1978, le client dispose d\u2019un droit d\u2019acc\u00e8s, de rectification, d\u2019opposition et de suppression aux donn\u00e9es le concernant.<\/p>\n<p>Le Client est inform\u00e9 que ses donn\u00e9es :<\/p>\n<p>sont collect\u00e9es de mani\u00e8re loyale et licite,<br \/>\nsont collect\u00e9es pour des finalit\u00e9s d\u00e9termin\u00e9es, explicites et l\u00e9gitimes<br \/>\nne seront pas trait\u00e9es ult\u00e9rieurement de mani\u00e8re incompatible avec ces finalit\u00e9s<br \/>\nsont ad\u00e9quates, pertinentes et non excessives au regard des finalit\u00e9s pour lesquelles elles sont collect\u00e9es et de leurs traitements ult\u00e9rieurs<br \/>\nsont exactes et compl\u00e8tes<br \/>\nsont conserv\u00e9es sous une forme permettant l\u2019identification des personnes concern\u00e9es pendant une dur\u00e9e qui n\u2019exc\u00e8de pas la dur\u00e9e n\u00e9cessaire aux finalit\u00e9s pour lesquelles elles sont collect\u00e9es et trait\u00e9es.<br \/>\nLe Vendeur s\u2019engage en outre a prendre toutes pr\u00e9cautions utiles pour pr\u00e9server la s\u00e9curit\u00e9 des donn\u00e9es, et notamment qu\u2019elles soient d\u00e9form\u00e9es, endommag\u00e9es ou que des tiers non autoris\u00e9s y aient acc\u00e8s.<\/p>\n<p>Le Client a le droit de s\u2019opposer \u00e0 ce que des donn\u00e9es \u00e0 caract\u00e8re personnel le concernant fassent l\u2019objet d\u2019un traitement et \u00e0 ce que ces donn\u00e9es soient utilis\u00e9es \u00e0 des fins de prospection, notamment commerciale.<\/p>\n<p>Le Client peut interroger le Vendeur en vue d\u2019obtenir la confirmation que des donn\u00e9es \u00e0 caract\u00e8re personnelle le concernant font ou ne font pas l\u2019objet de ce traitement, des informations relatives aux finalit\u00e9s du traitement, aux cat\u00e9gories de donn\u00e9es \u00e0 caract\u00e8re personnel trait\u00e9es et aux destinataires ou aux cat\u00e9gories de destinataires auxquels les donn\u00e9es sont communiqu\u00e9es, la communication des donn\u00e9es \u00e0 caract\u00e8re personnel qui le concernent ainsi que de toute information disponible quant \u00e0 l\u2019origine de celles-ci.<\/p>\n<p>Le Client peut \u00e9galement exiger du Vendeur que soient rectifi\u00e9es, compl\u00e9t\u00e9es, mises \u00e0 jour, verrouill\u00e9es ou effac\u00e9es les donn\u00e9es \u00e0 caract\u00e8re personnel le concernant, qui seraient inexactes, incompl\u00e8tes, \u00e9quivoques, p\u00e9rim\u00e9es, ou dont la collecte, l\u2019utilisation, la communication ou la conservation est interdite.<\/p>\n<p>Afin d\u2019exercer ce droit, le Client enverra un courriel au Vendeur en sa qualit\u00e9 de responsable du traitement, \u00e0 l\u2019adresse suivante : contact@artiktoys.fr<\/p>\n","protected":false},"excerpt":{"rendered":"<p>Mentions l\u00e9gales Merci de lire avec attention les diff\u00e9rentes modalit\u00e9s d\u2019utilisation du pr\u00e9sent site avant d\u2019y parcourir ses pages. En vous connectant sur ce site, vous acceptez sans r\u00e9serves les pr\u00e9sentes modalit\u00e9s. Aussi, conform\u00e9ment \u00e0 l\u2019article n\u00b06 de la Loi n\u00b02004-575 du 21 Juin 2004 pour la confiance dans l\u2019\u00e9conomie num\u00e9rique, les responsables du pr\u00e9sent [&hellip;]<\/p>\n","protected":false},"author":1,"featured_media":0,"parent":0,"menu_order":0,"comment_status":"closed","ping_status":"closed","template":"","meta":{"spay_email":""},"_links":{"self":[{"href":"https:\/\/artiktoys.fr\/index.php\/wp-json\/wp\/v2\/pages\/9365"}],"collection":[{"href":"https:\/\/artiktoys.fr\/index.php\/wp-json\/wp\/v2\/pages"}],"about":[{"href":"https:\/\/artiktoys.fr\/index.php\/wp-json\/wp\/v2\/types\/page"}],"author":[{"embeddable":true,"href":"https:\/\/artiktoys.fr\/index.php\/wp-json\/wp\/v2\/users\/1"}],"replies":[{"embeddable":true,"href":"https:\/\/artiktoys.fr\/index.php\/wp-json\/wp\/v2\/comments?post=9365"}],"version-history":[{"count":11,"href":"https:\/\/artiktoys.fr\/index.php\/wp-json\/wp\/v2\/pages\/9365\/revisions"}],"predecessor-version":[{"id":9390,"href":"https:\/\/artiktoys.fr\/index.php\/wp-json\/wp\/v2\/pages\/9365\/revisions\/9390"}],"wp:attachment":[{"href":"https:\/\/artiktoys.fr\/index.php\/wp-json\/wp\/v2\/media?parent=9365"}],"curies":[{"name":"wp","href":"https:\/\/api.w.org\/{rel}","templated":true}]}}